{"id":16,"date":"2022-10-24T14:17:08","date_gmt":"2022-10-24T14:17:08","guid":{"rendered":"https:\/\/kidzatelje.se\/?page_id=16"},"modified":"2022-11-25T08:15:05","modified_gmt":"2022-11-25T08:15:05","slug":"likabehandling-vardegrund-fairness-equality","status":"publish","type":"page","link":"https:\/\/kidzatelje.se\/index.php\/likabehandling-vardegrund-fairness-equality\/","title":{"rendered":"Likabehandling &#038; v\u00e4rdegrund"},"content":{"rendered":"<div class=\"wp-block-image\">\n<figure class=\"alignright size-full\"><a href=\"#fairness-and-equality\"><img loading=\"lazy\" decoding=\"async\" width=\"100\" height=\"50\" src=\"https:\/\/kidzatelje.se\/wp-content\/uploads\/2022\/11\/english-flag-e1668689508198.png\" alt=\"Page in english\" class=\"wp-image-186\"\/><\/a><figcaption class=\"wp-element-caption\">English<\/figcaption><\/figure><\/div>\n\n\n<p>H\u00e4r erbjuder vi barnen en plats d\u00e4r alla bem\u00f6ter varandra med respekt. <\/p>\n\n\n\n<p>Vi p\u00e5 Kidzatelj\u00e9 vill skapa en milj\u00f6 d\u00e4r alla k\u00e4nner sig delaktiga och viktiga, d\u00e4r de v\u00e5gar g\u00f6ra misstag f\u00f6r att sedan l\u00e4ra sig av dem, att v\u00e5ga unders\u00f6ka och testa nya saker utan att veta vad resultatet blir, samt v\u00e5ga vara nyfiken och st\u00e4lla m\u00e5nga fr\u00e5gor.<\/p>\n\n\n\n<p>Kidzatelj\u00e9 erbjuder varje barn tid och utrymme till att \u00f6va f\u00f6r att s\u00e5 sm\u00e5ningom sj\u00e4lv kunna bem\u00e4stra sin vardag. Hos oss bem\u00f6ter alla varandra med respekt oavsett \u00e5lder, k\u00f6n, utseende, etnicitet eller s\u00e4rskilda behov. Med hemlagad, n\u00e4ringsrik och varierad mat erbjuder vi barnen goda matvanor samt att de socialiserar sig p\u00e5 ett positivt s\u00e4tt under matsituationer.<\/p>\n\n\n<style type=\"text\/css\" scoped>.rbs_gallery_69d20c3f4f29eSpinner{\r\n\t\t\t\tmargin: 50px auto;\r\n\t\t\t\twidth: 50px;\r\n\t\t\t\theight: 40px;\r\n\t\t\t\ttext-align: center;\r\n\t\t\t\tfont-size: 10px;\r\n\t\t\t}\r\n\t\t\t.rbs_gallery_69d20c3f4f29eSpinner > div{\r\n\t\t\t  background-color: #333;\r\n\t\t\t  height: 100%;\r\n\t\t\t  width: 6px;\r\n\t\t\t  display: inline-block;\r\n\t\t\t  -webkit-animation: rbs_gallery_69d20c3f4f29e-stretchdelay 1.2s infinite ease-in-out;\r\n\t\t\t  animation: rbs_gallery_69d20c3f4f29e-stretchdelay 1.2s infinite ease-in-out;\r\n\t\t\t}\r\n\t\t\t.rbs_gallery_69d20c3f4f29eSpinner .rbs_gallery_69d20c3f4f29eRect2 {\r\n\t\t\t  -webkit-animation-delay: -1.1s;\r\n\t\t\t  animation-delay: -1.1s;\r\n\t\t\t}\r\n\t\t\t.rbs_gallery_69d20c3f4f29eSpinner .rbs_gallery_69d20c3f4f29eRect3 {\r\n\t\t\t  -webkit-animation-delay: -1.0s;\r\n\t\t\t  animation-delay: -1.0s;\r\n\t\t\t}\r\n\t\t\t.rbs_gallery_69d20c3f4f29eSpinner .rbs_gallery_69d20c3f4f29eRect4 {\r\n\t\t\t  -webkit-animation-delay: -0.9s;\r\n\t\t\t  animation-delay: -0.9s;\r\n\t\t\t}\r\n\t\t\t.rbs_gallery_69d20c3f4f29eSpinner .rbs_gallery_69d20c3f4f29eRect5 {\r\n\t\t\t  -webkit-animation-delay: -0.8s;\r\n\t\t\t  animation-delay: -0.8s;\r\n\t\t\t}\r\n\t\t\t@-webkit-keyframes rbs_gallery_69d20c3f4f29e-stretchdelay {\r\n\t\t\t  0%, 40%, 100% { -webkit-transform: scaleY(0.4) }  \r\n\t\t\t  20% { -webkit-transform: scaleY(1.0) }\r\n\t\t\t}\r\n\t\t\t@keyframes rbs_gallery_69d20c3f4f29e-stretchdelay {\r\n\t\t\t  0%, 40%, 100% { \r\n\t\t\t    transform: scaleY(0.4);\r\n\t\t\t    -webkit-transform: scaleY(0.4);\r\n\t\t\t  }  20% { \r\n\t\t\t    transform: scaleY(1.0);\r\n\t\t\t    -webkit-transform: scaleY(1.0);\r\n\t\t\t  }\r\n\t\t\t}\r\n\t\t<\/style><div class=\"robo-gallery-wrap robo-gallery-wrap-id304 robo-gallery-grid\" ><div id=\"rbs_gallery_69d20c3f4f29e-block-loader\" class=\"rbs_gallery_69d20c3f4f29eSpinner\"><div class=\"rbs_gallery_69d20c3f4f29eRect1\"><\/div> <div class=\"rbs_gallery_69d20c3f4f29eRect2\"><\/div> <div class=\"rbs_gallery_69d20c3f4f29eRect3\"><\/div> <div class=\"rbs_gallery_69d20c3f4f29eRect4\"><\/div> <div class=\"rbs_gallery_69d20c3f4f29eRect5\"><\/div><\/div><div id=\"robo_gallery_main_block_rbs_gallery_69d20c3f4f29e\" class=\"robogallery-gallery-304\" style=\"width:80%;margin:0 auto;  display: none;\"><div id=\"rbs_gallery_69d20c3f4f29e\" data-options=\"rbs_gallery_69d20c3f4f29e\" style=\"width:100%;\" class=\"robo_gallery  \"><div class=\"rbs-img  category304 \" ><div class=\"rbs-img-image   rbs-lightbox \" ><div class=\"rbs-img-thumbs\"  data-thumbnail=\"https:\/\/kidzatelje.se\/wp-content\/uploads\/2022\/11\/att-sta-upp-och-rita-scaled.jpeg\"  title=\"Att sta\u030a upp och rita \u00e4r kreativt och inspirerande\"  data-width=\"1920\"  data-height=\"2560\" ><\/div><div class=\"rbs-img-data-popup\"  data-popup=\"https:\/\/kidzatelje.se\/wp-content\/uploads\/2022\/11\/att-sta-upp-och-rita-scaled.jpeg\"  title=\"Att sta\u030a upp och rita \u00e4r kreativt och inspirerande\"  data-alt=\"m\u00e5lning p\u00e5 stora papper\" ><\/div><div class=\"thumbnail-overlay\"><div class=\"rbsTitle \">Att sta\u030a upp och rita \u00e4r kreativt och inspirerande<\/div><div class=\"rbsIcons\"><i class=\"fa fa-search-plus rbsZoomIcon \" ><\/i><\/div><\/div><\/div><\/div><div class=\"rbs-img  category304 \" ><div class=\"rbs-img-image   rbs-lightbox \" ><div class=\"rbs-img-thumbs\"  data-thumbnail=\"https:\/\/kidzatelje.se\/wp-content\/uploads\/2022\/11\/DE7BF694-5AE7-4F24-90A4-3B900689470C.jpeg\"  title=\"Leken utvecklar\"  data-width=\"1536\"  data-height=\"2048\" ><\/div><div class=\"rbs-img-data-popup\"  data-popup=\"https:\/\/kidzatelje.se\/wp-content\/uploads\/2022\/11\/DE7BF694-5AE7-4F24-90A4-3B900689470C.jpeg\"  title=\"Leken utvecklar\"  data-alt=\"Elsa leker med barnen\" ><\/div><div class=\"thumbnail-overlay\"><div class=\"rbsTitle \">Leken utvecklar<\/div><div class=\"rbsIcons\"><i class=\"fa fa-search-plus rbsZoomIcon \" ><\/i><\/div><\/div><\/div><\/div><div class=\"rbs-img  category304 \" ><div class=\"rbs-img-image   rbs-lightbox \" ><div class=\"rbs-img-thumbs\"  data-thumbnail=\"https:\/\/kidzatelje.se\/wp-content\/uploads\/2022\/11\/kreativt-larande-med-padda-scaled.jpeg\"  title=\"Kreativt la\u0308rande med padda\"  data-width=\"1920\"  data-height=\"2560\" ><\/div><div class=\"rbs-img-data-popup\"  data-popup=\"https:\/\/kidzatelje.se\/wp-content\/uploads\/2022\/11\/kreativt-larande-med-padda-scaled.jpeg\"  title=\"Kreativt la\u0308rande med padda\" ><\/div><div class=\"thumbnail-overlay\"><div class=\"rbsTitle \">Kreativt la\u0308rande med padda<\/div><div class=\"rbsIcons\"><i class=\"fa fa-search-plus rbsZoomIcon \" ><\/i><\/div><\/div><\/div><\/div><\/div><\/div><\/div><script>var rbs_gallery_69d20c3f4f29e = {\"version\":\"5.1.2\",\"id\":304,\"class\":\"id304\",\"roboGalleryDelay\":1000,\"mainContainer\":\"#robo_gallery_main_block_rbs_gallery_69d20c3f4f29e\",\"loadingContainer\":\"#rbs_gallery_69d20c3f4f29e-block-loader\",\"loadingContainerObj\":\"rbs_gallery_69d20c3f4f29e-block-loader\",\"columnWidth\":\"auto\",\"columns\":3,\"resolutions\":[{\"columnWidth\":\"auto\",\"columns\":3,\"maxWidth\":960},{\"columnWidth\":\"auto\",\"columns\":2,\"maxWidth\":650},{\"columnWidth\":\"auto\",\"columns\":1,\"maxWidth\":450}],\"lightboxOptions\":{\"gallery\":{\"enabled\":true,\"tCounter\":\"%curr% of %total%\"}},\"overlayEffect\":\"direction-aware-fade\",\"boxesToLoadStart\":12,\"boxesToLoad\":8,\"waitUntilThumbLoads\":1,\"LoadingWord\":\"Loading...\",\"loadMoreWord\":\"Load More\",\"noMoreEntriesWord\":\"No More Entries\",\"horizontalSpaceBetweenBoxes\":15,\"verticalSpaceBetweenBoxes\":15,\"lazyLoad\":1,\"wrapContainer\":\"#robo-gallery-wrap-rbs_gallery_69d20c3f4f29e\"};<\/script>\n\n\n<h2 class=\"wp-block-heading\"><strong>F\u00f6rh\u00e5llningss\u00e4tt<\/strong><\/h2>\n\n\n\n<p>Genom ett demokratiskt f\u00f6rh\u00e5llningss\u00e4tt, emotionell n\u00e4rhet och respekt, har vi som m\u00e5l att vara f\u00f6rebilder f\u00f6r barnen. Kidzatelj\u00e9 tror p\u00e5 barnens imitationsf\u00f6rm\u00e5ga och arbetar d\u00e4rf\u00f6r med att vara tydliga och goda f\u00f6rebilder som visar respekt f\u00f6r m\u00e4nniskor som finns omkring oss. Detta g\u00f6r vi genom att aktivt vara med barnen och samtala med dem i olika situationer som uppst\u00e5r dagligen. Genom att visa tillit ger Kidzatelj\u00e9 barnen m\u00f6jligheten att l\u00f6sa situationer sj\u00e4lva f\u00f6rst, om detta inte fungerar s\u00e5 hj\u00e4lper vi barnen att n\u00e5 en kompromiss genom att prata tillsammans med barnen och inte bara s\u00e4ga till dem.<\/p>\n\n\n\n<p>Barn med sv\u00e5righeter f\u00e5r st\u00f6d med h\u00e4nsyn till sina individuella f\u00f6ruts\u00e4ttningar. Alla k\u00f6n behandlas j\u00e4mlikt utifr\u00e5n sina intressen och behov.<\/p>\n\n\n\n<p>R\u00e4ttvisa och j\u00e4mst\u00e4lldhet: F\u00f6rst\u00e5else f\u00f6r medm\u00e4nsklighet, r\u00e4ttvisa, j\u00e4mlikhet, samt egna och andras r\u00e4ttigheter skall integreras i den dagliga verksamheten med gott exempel i alla aktiviteter med barnen.<\/p>\n\n\n\n<h2 class=\"wp-block-heading\"><strong>L\u00e4rande genom lek<\/strong><\/h2>\n\n\n\n<p>V\u00e5r verksamheten pr\u00e4glas av m\u00f6jlighet till l\u00e4rande genom lek, bild, litteratur, s\u00e5ng musik, drama, rytmik och r\u00f6relse. <\/p>\n\n\n\n<p>Hos oss p\u00e5 Kidzatelj\u00e9 erbjuder vi en upplevelsebaserad inl\u00e4rning d\u00e4r man kan tillvarata alla situationer som ing\u00e5r i v\u00e5r vardag och att vara meduppt\u00e4ckare och medupplevare ist\u00e4llet f\u00f6r instrukt\u00f6r. <\/p>\n\n\n\n<p>Kidzatelj\u00e9 uppmuntrar barnen att sj\u00e4lva f\u00f6rs\u00f6ka finna svaren innan pedagogen presenterar en f\u00e4rdig l\u00f6sning f\u00f6r att p\u00e5 s\u00e5 vis g\u00f6ra upplevelsen stimulerande d\u00e5 barnen oftast ser saker i ett betydligt mer sp\u00e4nnande ljus \u00e4n vad vuxna g\u00f6r. L\u00e5tsaslek och fantasi \u00e4r en stor del av barnens utveckling, det \u00e4r s\u00e5 dem bearbetar en alltf\u00f6r stor och komplicerad v\u00e4rld. Eftersom v\u00e4rlden beh\u00f6ver fantasifulla m\u00e4nniskor anser vi d\u00e4rf\u00f6r att det \u00e4r viktigt att barnen f\u00e5r l\u00e4ra lekens betydelse.<\/p>\n\n\n\n<h3 class=\"wp-block-heading\"><strong>Samverkan med hemmet<\/strong><\/h3>\n\n\n\n<p>Vi utvecklar kontakten med f\u00f6r\u00e4ldrar\/v\u00e5rdnadshavare genom information, verksamhetsbes\u00f6k, f\u00f6r\u00e4ldram\u00f6ten, spontana och planerade samtal.<\/p>\n\n\n\n<h3 class=\"wp-block-heading\">Samverkan med f\u00f6rskoleklassen<\/h3>\n\n\n\n<p>Skolan och fritidshemmet: Erfarenhet och kunskap skall bytas och uppm\u00e4rksamhet skall \u00e4gnas till de barn som beh\u00f6ver s\u00e4rskilt st\u00f6d inf\u00f6r byte till f\u00f6rskoleklass.<\/p>\n\n\n\n<h3 class=\"wp-block-heading\">S\u00e5 uppmuntrar Kidzatelj\u00e9 barns inflytande<\/h3>\n\n\n\n<blockquote class=\"wp-block-quote is-layout-flow wp-block-quote-is-layout-flow\">\n<p>\u201dBarn \u00e4r inte dummare \u00e4n vuxna, de har bara mindre erfarenhet\u201d \u2013 Janusz Korczak<\/p>\n<\/blockquote>\n\n\n\n<p>I Janusz Korczaks anda skall varje barn uppmuntras att till uttrycka sina \u00e5sikter och tankar f\u00f6r att kunna p\u00e5verka sina dagliga situationer och ta ansvar f\u00f6r sina handlingar. Genom att vara uppm\u00e4rksam och lyh\u00f6rd f\u00f6r barnens intentioner och \u00f6nskem\u00e5l arbetar Kidzatelj\u00e9 p\u00e5 ett demokratiskt s\u00e4tt. De behov och intressen som barnen ger uttryck f\u00f6r ligger till grund f\u00f6r utformning av verksamheten och milj\u00f6n omkring dem. Detta g\u00f6rs med hj\u00e4lp av diskussioner och observationer tillsammans med barnen.<\/p>\n\n\n\n<p>Kidzatelj\u00e9 anser att v\u00e4rdes\u00e4tta egna \u00e5sikter \u00e4r f\u00f6rsta steget till barns f\u00f6rst\u00e5else att utveckla respekt f\u00f6r andras \u00e5sikter och k\u00e4nslor. Ett varierat utbud av leksaker och pedagogiskt material erbjuds till barnen s\u00e5 att de f\u00e5r m\u00f6jlighet att v\u00e4lja utifr\u00e5n eget intresse.<\/p>\n\n\n\n<h3 class=\"wp-block-heading\"><strong>S\u00e5 uppmuntrar Kidzatelj\u00e9 f\u00f6r\u00e4ldrars\/v\u00e5rdnadshavares inflytande<\/strong><\/h3>\n\n\n\n<ul class=\"wp-block-list\">\n<li>Vi erbjuder varje barn tillsammans med sina f\u00f6r\u00e4ldrar\/v\u00e5rdnadshavare en inskolning som skapar trygghet f\u00f6r b\u00e5de f\u00f6r\u00e4ldrar och barn till pedagogisk verksamhet. Vi vill att b\u00e5de barn och f\u00f6r\u00e4ldrar ska k\u00e4nna sig trygga i v\u00e5r verksamhet.<\/li>\n\n\n\n<li>Informera p\u00e5 Tyra appen varje l\u00e4s\u00e5ret samt p\u00e5minna 3 veckor innan p\u00e5 appen och vid h\u00e4mtning och l\u00e4mning om s\u00e5 \u00f6nskas.<\/li>\n\n\n\n<li>Daglig information\/ dokumentation via Tyra f\u00f6rskoleappen s\u00e5 att f\u00f6r\u00e4ldrarna vet vad som ska h\u00e4nda samt vad som har h\u00e4nt under dagen.<\/li>\n\n\n\n<li>Vi har utvecklingssamtal en g\u00e5ng per termin d\u00e4r vi diskuterar barnets sociala, motoriska och kognitiva utveckling.<\/li>\n\n\n\n<li>Vi har f\u00f6r\u00e4ldram\u00f6te en g\u00e5ng per termin.<\/li>\n\n\n\n<li>Vi lyssnar och implementerar eventuella f\u00f6rslag fr\u00e5n f\u00f6r\u00e4ldrar\/v\u00e5rdnadshavare n\u00e4r det g\u00e4ller planering och genomf\u00f6rande av verksamheten.<\/li>\n\n\n\n<li>Vi g\u00f6r f\u00f6r\u00e4ldrar delaktiga i utv\u00e4rderingen av verksamheten genom att uppmuntra f\u00f6r\u00e4ldrar\u00e5d och enk\u00e4tunders\u00f6kning.<\/li>\n<\/ul>\n\n\n\n<div style=\"height:60px\" aria-hidden=\"true\" class=\"wp-block-spacer\"><\/div>\n\n\n\n<h1 class=\"wp-block-heading\" id=\"fairness-and-equality\">Fairness &amp; Equality<\/h1>\n\n\n\n<h2 class=\"wp-block-heading\" id=\"goals-and-philosophy\">Goals and philosophy<\/h2>\n\n\n\n<p>We strive to support and stimulate our children\u2019s lifelong learning according to their interest and abilities and in keeping with the objectives of the Swedish national preschool curriculum (lpf\u00f6 18): https:\/\/www.skolverket.se\/publikationer?id=4001<\/p>\n\n\n\n<h2 class=\"wp-block-heading\">Learning Joy and Inspiration<\/h2>\n\n\n\n<p>Kidzatelj\u00e9 works to create a mindful learning environment where children feel involved, are heard, and help inform the design of activities in which they engage. Our pedagogical environment is informed by fundamental didactic questions of what, why and how; we also:<\/p>\n\n\n\n<ul class=\"wp-block-list\">\n<li>Promote awareness and respect for sustainable learning and for a wider humanity;<\/li>\n\n\n\n<li>Create a positive learning environment in which children can confidently participate in personal reflection and evaluation;<\/li>\n\n\n\n<li>Encourage bilingualism to help equip children with tools to become global citizens and thrive when transitioning into school!<\/li>\n<\/ul>\n\n\n\n<h3 class=\"wp-block-heading\">Language Development and a Bilingual Education<\/h3>\n\n\n\n<p>We help children develop communication skills, symbolic thinking, and imagination through playful educational activities with a common focus on language.<\/p>\n\n\n\n<p>While encouraging each child to take pride in their personal cultural identities, we promote a sense of belonging and respect for a wider global community.<\/p>\n\n\n\n<p>As children learn through interaction with others, their care in natural bilingual Swedish and English-speaking household will help them consolidate language bases equipping them to thrive in wider communities.<\/p>\n\n\n\n<h3 class=\"wp-block-heading\">Multiculturalism and Equality<\/h3>\n\n\n\n<p>We teach children to respect differences and feel self-respect, in keeping with CRC guidelines. Children of minority ethnic heritage are presented with opportunities to consolidate their cultural identity, speak their mother language and share cultural learning with others.<\/p>\n\n\n\n<h3 class=\"wp-block-heading\">Emotional Development \u2013 Individuality and Empathy<\/h3>\n\n\n\n<p>Kidzatelj\u00e9 wants to help children better understand their emotional make-up through topic\u2013integrated activities.<\/p>\n\n\n\n<p>We support children in developing a healthy self-esteem, independence and a sense of responsibility. Our aim is to help them learn to take decisions through equitable negotiation with peers, express emotions through a range of creative activities and take initiative to direct their own learning. We also help children learn to empathetically understand their environment, the needs of fellow citizens and their own.<\/p>\n\n\n\n<h3 class=\"wp-block-heading\">Security<\/h3>\n\n\n\n<p>Kidzatelj\u00e9 encourages children build skills to play, learn, create and discover our world. We encourage them to ask questions while exploring natural phenomena in outdoors and indoors environments to raise awareness of simple science and mathematical concepts.<\/p>\n\n\n\n<h3 class=\"wp-block-heading\">Social Development<\/h3>\n\n\n\n<p>We offer children a constructive way to socialise with peers so the can learn to develop, appreciate and respect friendships with children from a range of socio-economic, cultural backgrounds, physical and mental experiences.<\/p>\n\n\n\n<h3 class=\"wp-block-heading\">Collaboration<\/h3>\n\n\n\n<p>Kidzatelj\u00e9 helps kids learn to work together through play, communication and group activities, actively helping them develop skills to negotiate conflicts through positive communication with an aim of finding solutions benefiting all parties concerned.<\/p>\n\n\n\n<h3 class=\"wp-block-heading\">Active Participation<\/h3>\n\n\n\n<p>Kidzatelj\u00e9 creates opportunities for children to express their views and find a constructive voice to help shape their learning environment.<\/p>\n\n\n\n<h3 class=\"wp-block-heading\">Learning Personal Responsibility<\/h3>\n\n\n\n<p>Kidzatelj\u00e9 strives to make children aware of how their actions affect their surroundings. We encourage children to take responsibility for managing shared equipment for indoors and outdoor activities.<\/p>\n\n\n\n<h3 class=\"wp-block-heading\">Developing Gross and Fine Motor Skills<\/h3>\n\n\n\n<p>Kidzatelj\u00e9 creates opportunities through activities to help children develop eye-hand coordination, balance and body perception through a range of sport, play, dance and creative activities.<\/p>\n\n\n\n<h3 class=\"wp-block-heading\">Respect for Nature<\/h3>\n\n\n\n<p>We support children, as role models, in developing a respectful and caring attitude towards nature.<\/p>\n","protected":false},"excerpt":{"rendered":"<p>H\u00e4r erbjuder vi barnen en plats d\u00e4r alla bem\u00f6ter varandra med respekt. Vi p\u00e5 Kidzatelj\u00e9 vill skapa en milj\u00f6 d\u00e4r &hellip; <a href=\"https:\/\/kidzatelje.se\/index.php\/likabehandling-vardegrund-fairness-equality\/\" class=\"more-link\"><span class=\"more-button\">L\u00e4s mer<span class=\"screen-reader-text\">Likabehandling &#038; v\u00e4rdegrund<\/span><\/span><\/a><\/p>\n","protected":false},"author":1,"featured_media":0,"parent":0,"menu_order":0,"comment_status":"closed","ping_status":"closed","template":"templates\/full-width-page.php","meta":{"footnotes":""},"class_list":["post-16","page","type-page","status-publish","hentry"],"_links":{"self":[{"href":"https:\/\/kidzatelje.se\/index.php\/wp-json\/wp\/v2\/pages\/16"}],"collection":[{"href":"https:\/\/kidzatelje.se\/index.php\/wp-json\/wp\/v2\/pages"}],"about":[{"href":"https:\/\/kidzatelje.se\/index.php\/wp-json\/wp\/v2\/types\/page"}],"author":[{"embeddable":true,"href":"https:\/\/kidzatelje.se\/index.php\/wp-json\/wp\/v2\/users\/1"}],"replies":[{"embeddable":true,"href":"https:\/\/kidzatelje.se\/index.php\/wp-json\/wp\/v2\/comments?post=16"}],"version-history":[{"count":20,"href":"https:\/\/kidzatelje.se\/index.php\/wp-json\/wp\/v2\/pages\/16\/revisions"}],"predecessor-version":[{"id":308,"href":"https:\/\/kidzatelje.se\/index.php\/wp-json\/wp\/v2\/pages\/16\/revisions\/308"}],"wp:attachment":[{"href":"https:\/\/kidzatelje.se\/index.php\/wp-json\/wp\/v2\/media?parent=16"}],"curies":[{"name":"wp","href":"https:\/\/api.w.org\/{rel}","templated":true}]}}