{"id":14,"date":"2022-10-24T14:09:57","date_gmt":"2022-10-24T14:09:57","guid":{"rendered":"https:\/\/kidzatelje.se\/?page_id=14"},"modified":"2022-12-10T13:45:44","modified_gmt":"2022-12-10T13:45:44","slug":"mangkultur-culture-diversity","status":"publish","type":"page","link":"https:\/\/kidzatelje.se\/index.php\/mangkultur-culture-diversity\/","title":{"rendered":"M\u00e5ngkultur"},"content":{"rendered":"<div class=\"wp-block-image\">\n<figure class=\"alignright size-full\"><a href=\"#cultural-diversity\"><img loading=\"lazy\" decoding=\"async\" width=\"100\" height=\"50\" src=\"https:\/\/kidzatelje.se\/wp-content\/uploads\/2022\/11\/english-flag-e1668689508198.png\" alt=\"\" class=\"wp-image-186\"\/><\/a><figcaption class=\"wp-element-caption\">English<\/figcaption><\/figure><\/div>\n\n\n<p>H\u00e4r p\u00e5 Kidzatelj\u00e9 engagerar vi oss i aktiviteter och traditioner f\u00f6r att \u00f6ka medvetenheten f\u00f6r det rika och m\u00e5ngkulturella som finns i v\u00e5rt samh\u00e4lle. Det h\u00e4r g\u00f6r vi genom att under hela \u00e5ret tillvarata b\u00e5de svenska och internationella traditioner.<\/p>\n\n\n\n<div class=\"wp-block-media-text has-media-on-the-right is-stacked-on-mobile\" style=\"grid-template-columns:auto 47%\"><div class=\"wp-block-media-text__content\">\n<p>Att arbeta med m\u00e5ngfald skapar igenk\u00e4nning och tillh\u00f6righet bland barnen. Det l\u00e4r ocks\u00e5 barnen att visa respekt f\u00f6r v\u00e5ra olika kulturer. <\/p>\n\n\n\n<p>Vilka traditioner vi uppm\u00e4rksammar skiftar beroende p\u00e5 vilka barn som finns i gruppen f\u00f6r tillf\u00e4llet. <\/p>\n<\/div><figure class=\"wp-block-media-text__media\"><img loading=\"lazy\" decoding=\"async\" width=\"1024\" height=\"631\" src=\"https:\/\/kidzatelje.se\/wp-content\/uploads\/2022\/11\/Barngruppen-mangkulturellt-tiny-scaled-e1669191173560-1024x631.jpg\" alt=\"\" class=\"wp-image-268 size-full\" srcset=\"https:\/\/kidzatelje.se\/wp-content\/uploads\/2022\/11\/Barngruppen-mangkulturellt-tiny-scaled-e1669191173560-1024x631.jpg 1024w, https:\/\/kidzatelje.se\/wp-content\/uploads\/2022\/11\/Barngruppen-mangkulturellt-tiny-scaled-e1669191173560-300x185.jpg 300w, https:\/\/kidzatelje.se\/wp-content\/uploads\/2022\/11\/Barngruppen-mangkulturellt-tiny-scaled-e1669191173560-768x473.jpg 768w, https:\/\/kidzatelje.se\/wp-content\/uploads\/2022\/11\/Barngruppen-mangkulturellt-tiny-scaled-e1669191173560-1536x947.jpg 1536w, https:\/\/kidzatelje.se\/wp-content\/uploads\/2022\/11\/Barngruppen-mangkulturellt-tiny-scaled-e1669191173560-2048x1262.jpg 2048w\" sizes=\"(max-width: 1024px) 100vw, 1024px\" \/><\/figure><\/div>\n\n\n\n<h2 class=\"wp-block-heading\">Kulturella h\u00f6gtider under \u00e5ret:<\/h2>\n\n\n\n<ul class=\"wp-block-list\">\n<li>Internationella fredsdagen.<\/li>\n\n\n\n<li>V\u00e4rldsbokdagen.<\/li>\n\n\n\n<li>P\u00e5sk.<\/li>\n\n\n\n<li>Avslutningsceremoni f\u00f6r alla barn vid midsommarfirande.<\/li>\n\n\n\n<li>Diwali.<\/li>\n\n\n\n<li>Eid.<\/li>\n\n\n\n<li>Thanksgiving\/Halloween.<\/li>\n\n\n\n<li>&nbsp;Internationella barndagen.<\/li>\n\n\n\n<li>&nbsp;Nobelfirande.<\/li>\n\n\n\n<li>&nbsp;Lucia\/Hanukkah\/Jul.<\/li>\n\n\n\n<li>&nbsp;F\u00f6delsedagsfirande med s\u00e5ng och fika.<\/li>\n<\/ul>\n\n\n\n<h1 class=\"wp-block-heading\" id=\"cultural-diversity\">Cultural diversity<\/h1>\n\n\n\n<p>Kidzatelj\u00e9 facilities stimulating activities throughout the year which raise awareness amongst children of the rich multi-cultural fabric of contemporary society.<\/p>\n\n\n\n<p>We respect and actively engage with a diversity of cultural traditions<\/p>\n\n\n\n<p>Kidzatelj\u00e9 engages children with both Swedish and international traditions throughout the year which may vary according to the cultural interests of children joining or which they wish to share.<\/p>\n\n\n\n<h2 class=\"wp-block-heading\">We mark cultural celebrations throughout the year including:<\/h2>\n\n\n\n<ul class=\"wp-block-list\">\n<li>International Day of Peace;<\/li>\n\n\n\n<li>World Book Day;<\/li>\n\n\n\n<li>Diwali, Eid, Hannukkah, Christmas, Lucia, Easter;<\/li>\n\n\n\n<li>Thanksgiving;<\/li>\n\n\n\n<li>Halloween;<\/li>\n\n\n\n<li>International Children\u2019s Day;<\/li>\n\n\n\n<li>Nobel Prize Ceremony;<\/li>\n\n\n\n<li>Birthday celebrations with singing and refreshments;<\/li>\n\n\n\n<li>Kidzatelj\u00e9 summer closing ceremony as part of Midsummer celebrations!<\/li>\n<\/ul>\n\n\n<style type=\"text\/css\" scoped>.rbs_gallery_69e00e41de6bfSpinner{\r\n\t\t\t\tmargin: 50px auto;\r\n\t\t\t\twidth: 50px;\r\n\t\t\t\theight: 40px;\r\n\t\t\t\ttext-align: center;\r\n\t\t\t\tfont-size: 10px;\r\n\t\t\t}\r\n\t\t\t.rbs_gallery_69e00e41de6bfSpinner > div{\r\n\t\t\t  background-color: #333;\r\n\t\t\t  height: 100%;\r\n\t\t\t  width: 6px;\r\n\t\t\t  display: inline-block;\r\n\t\t\t  -webkit-animation: rbs_gallery_69e00e41de6bf-stretchdelay 1.2s infinite ease-in-out;\r\n\t\t\t  animation: rbs_gallery_69e00e41de6bf-stretchdelay 1.2s infinite ease-in-out;\r\n\t\t\t}\r\n\t\t\t.rbs_gallery_69e00e41de6bfSpinner .rbs_gallery_69e00e41de6bfRect2 {\r\n\t\t\t  -webkit-animation-delay: -1.1s;\r\n\t\t\t  animation-delay: -1.1s;\r\n\t\t\t}\r\n\t\t\t.rbs_gallery_69e00e41de6bfSpinner .rbs_gallery_69e00e41de6bfRect3 {\r\n\t\t\t  -webkit-animation-delay: -1.0s;\r\n\t\t\t  animation-delay: -1.0s;\r\n\t\t\t}\r\n\t\t\t.rbs_gallery_69e00e41de6bfSpinner .rbs_gallery_69e00e41de6bfRect4 {\r\n\t\t\t  -webkit-animation-delay: -0.9s;\r\n\t\t\t  animation-delay: -0.9s;\r\n\t\t\t}\r\n\t\t\t.rbs_gallery_69e00e41de6bfSpinner .rbs_gallery_69e00e41de6bfRect5 {\r\n\t\t\t  -webkit-animation-delay: -0.8s;\r\n\t\t\t  animation-delay: -0.8s;\r\n\t\t\t}\r\n\t\t\t@-webkit-keyframes rbs_gallery_69e00e41de6bf-stretchdelay {\r\n\t\t\t  0%, 40%, 100% { -webkit-transform: scaleY(0.4) }  \r\n\t\t\t  20% { -webkit-transform: scaleY(1.0) }\r\n\t\t\t}\r\n\t\t\t@keyframes rbs_gallery_69e00e41de6bf-stretchdelay {\r\n\t\t\t  0%, 40%, 100% { \r\n\t\t\t    transform: scaleY(0.4);\r\n\t\t\t    -webkit-transform: scaleY(0.4);\r\n\t\t\t  }  20% { \r\n\t\t\t    transform: scaleY(1.0);\r\n\t\t\t    -webkit-transform: scaleY(1.0);\r\n\t\t\t  }\r\n\t\t\t}\r\n\t\t<\/style><div id=\"robo-gallery-slider-wraprbs_gallery_69e00e41de6bf\" class=\"robo-gallery-slider-wrap robo-gallery-slider-wrap-id347 robo-gallery-slider\"><div id=\"rbs_gallery_69e00e41de6bf-block-loader\" class=\"rbs_gallery_69e00e41de6bfSpinner\"><div class=\"rbs_gallery_69e00e41de6bfRect1\"><\/div> <div class=\"rbs_gallery_69e00e41de6bfRect2\"><\/div> <div class=\"rbs_gallery_69e00e41de6bfRect3\"><\/div> <div class=\"rbs_gallery_69e00e41de6bfRect4\"><\/div> <div class=\"rbs_gallery_69e00e41de6bfRect5\"><\/div><\/div><div id=\"robo-gallery-slider-block-rbs_gallery_69e00e41de6bf\"  data-options=\"rbs_gallery_69e00e41de6bf\" \r\n\t\t\t\t\tclass=\"swiper-container robo-gallery-slider-container robo-gallery-slider-347\" \r\n\t\t\t\t\tstyle=\"height:750px;  display: none;\"\r\n\t\t\t\t\t\r\n\t\t\t\t><div id=\"rbs_gallery_69e00e41de6bf\" class=\"swiper-wrapper robo-slider-gallery  \"><div class=\"swiper-slide  \" \r\n \t\t\t\t\tstyle=\"background-image:url('https:\/\/kidzatelje.se\/wp-content\/uploads\/2022\/11\/Barngruppen-scaled-e1670428344329.jpg');\" ><div class=\"swiper-slide-desc swiper-slide-desc-light\">P\u00e5 Kidzatelj\u00e9 \u00e4r alla v\u00e4lkomna<\/div><\/div><div class=\"swiper-slide  \" \r\n \t\t\t\t\tstyle=\"background-image:url('https:\/\/kidzatelje.se\/wp-content\/uploads\/2022\/11\/Barngruppen-mangkulturellt-tiny-scaled-e1669191173560.jpg');\" ><div class=\"swiper-slide-desc swiper-slide-desc-light\">Vi v\u00e4rnar det m\u00e5ngkulturella<\/div><\/div><\/div><div class=\"swiper-button-prev\"><\/div><div class=\"swiper-button-next\"><\/div><div class=\"swiper-scrollbar\"><\/div><div class=\"swiper-pagination\"><\/div><\/div><\/div><script>var rbs_gallery_69e00e41de6bf = {\"version\":\"5.1.2\",\"id\":347,\"class\":\"id347\",\"roboGalleryDelay\":1000,\"mainContainer\":\"#robo_gallery_main_block_rbs_gallery_69e00e41de6bf\",\"loadingContainer\":\"#rbs_gallery_69e00e41de6bf-block-loader\",\"loadingContainerObj\":\"rbs_gallery_69e00e41de6bf-block-loader\",\"loop\":true,\"centeredSlides\":true,\"autoplay\":{\"delay\":3500,\"disableOnInteraction\":false},\"preloadImages\":true,\"updateOnImagesReady\":true,\"effect\":\"slide\",\"direction\":\"horizontal\",\"navigation\":{\"nextEl\":\".swiper-button-next\",\"prevEl\":\".swiper-button-prev\"},\"scrollbar\":{\"el\":\".swiper-scrollbar\",\"draggable\":true},\"pagination\":{\"el\":\".swiper-pagination\",\"type\":\"bullets\",\"clickable\":true,\"dynamicBullets\":true},\"wrapContainer\":\"#robo-gallery-wrap-rbs_gallery_69e00e41de6bf\"};<\/script>","protected":false},"excerpt":{"rendered":"<p>H\u00e4r p\u00e5 Kidzatelj\u00e9 engagerar vi oss i aktiviteter och traditioner f\u00f6r att \u00f6ka medvetenheten f\u00f6r det rika och m\u00e5ngkulturella som &hellip; <a href=\"https:\/\/kidzatelje.se\/index.php\/mangkultur-culture-diversity\/\" class=\"more-link\"><span class=\"more-button\">L\u00e4s mer<span class=\"screen-reader-text\">M\u00e5ngkultur<\/span><\/span><\/a><\/p>\n","protected":false},"author":1,"featured_media":0,"parent":0,"menu_order":0,"comment_status":"closed","ping_status":"closed","template":"templates\/full-width-page.php","meta":{"footnotes":""},"class_list":["post-14","page","type-page","status-publish","hentry"],"_links":{"self":[{"href":"https:\/\/kidzatelje.se\/index.php\/wp-json\/wp\/v2\/pages\/14"}],"collection":[{"href":"https:\/\/kidzatelje.se\/index.php\/wp-json\/wp\/v2\/pages"}],"about":[{"href":"https:\/\/kidzatelje.se\/index.php\/wp-json\/wp\/v2\/types\/page"}],"author":[{"embeddable":true,"href":"https:\/\/kidzatelje.se\/index.php\/wp-json\/wp\/v2\/users\/1"}],"replies":[{"embeddable":true,"href":"https:\/\/kidzatelje.se\/index.php\/wp-json\/wp\/v2\/comments?post=14"}],"version-history":[{"count":16,"href":"https:\/\/kidzatelje.se\/index.php\/wp-json\/wp\/v2\/pages\/14\/revisions"}],"predecessor-version":[{"id":366,"href":"https:\/\/kidzatelje.se\/index.php\/wp-json\/wp\/v2\/pages\/14\/revisions\/366"}],"wp:attachment":[{"href":"https:\/\/kidzatelje.se\/index.php\/wp-json\/wp\/v2\/media?parent=14"}],"curies":[{"name":"wp","href":"https:\/\/api.w.org\/{rel}","templated":true}]}}