{"id":12,"date":"2022-10-24T14:07:14","date_gmt":"2022-10-24T14:07:14","guid":{"rendered":"https:\/\/kidzatelje.se\/?page_id=12"},"modified":"2022-12-10T13:40:36","modified_gmt":"2022-12-10T13:40:36","slug":"barns-utveckling-och-larande","status":"publish","type":"page","link":"https:\/\/kidzatelje.se\/index.php\/barns-utveckling-och-larande\/","title":{"rendered":"Barns utveckling och l\u00e4rande"},"content":{"rendered":"<div class=\"wp-block-image\">\n<figure class=\"alignright size-full\"><a href=\"#development-and-learning\"><img loading=\"lazy\" decoding=\"async\" width=\"100\" height=\"50\" src=\"https:\/\/kidzatelje.se\/wp-content\/uploads\/2022\/11\/english-flag-e1668689508198.png\" alt=\"\" class=\"wp-image-186\"\/><\/a><figcaption class=\"wp-element-caption\">English<\/figcaption><\/figure><\/div>\n\n\n<p>Studier visar att b\u00e5de strukturerad och ostrukturerad lek har en betydande roll f\u00f6r barnets utveckling tidigt i barndomen f\u00f6r att forma v\u00e5ra personligheter. Med ansvarstagande och dagliga rutiner f\u00e5r barnen kunskaper och erfarenheter, utvecklar sociala f\u00f6rm\u00e5gor, spr\u00e5k och motorik. Barns lek bidrar till ett grundl\u00e4ggande behov och med den utveckling och l\u00e4rande. <\/p>\n\n\n\n<p>Genom att ta ansvar i de dagliga rutinerna l\u00e4r sig och upplever barn det fina i att arbeta tillsammans, utveckla det sociala, spr\u00e5kliga och motoriska f\u00e4rdigheterna. I v\u00e5rt dagliga arbete med barnen uppmuntrar och st\u00f6djer vi barnens nyfikenhet, fantasi och skapande genom lekfulla aktiviteter, genom att skapa m\u00f6jligheter och tid f\u00f6r lek. L\u00e4rande, anser vi, ska ske p\u00e5 barnens egna villkor. <\/p>\n\n\n<style type=\"text\/css\" scoped>.rbs_gallery_69ee1e7c8987eSpinner{\r\n\t\t\t\tmargin: 50px auto;\r\n\t\t\t\twidth: 50px;\r\n\t\t\t\theight: 40px;\r\n\t\t\t\ttext-align: center;\r\n\t\t\t\tfont-size: 10px;\r\n\t\t\t}\r\n\t\t\t.rbs_gallery_69ee1e7c8987eSpinner > div{\r\n\t\t\t  background-color: #333;\r\n\t\t\t  height: 100%;\r\n\t\t\t  width: 6px;\r\n\t\t\t  display: inline-block;\r\n\t\t\t  -webkit-animation: rbs_gallery_69ee1e7c8987e-stretchdelay 1.2s infinite ease-in-out;\r\n\t\t\t  animation: rbs_gallery_69ee1e7c8987e-stretchdelay 1.2s infinite ease-in-out;\r\n\t\t\t}\r\n\t\t\t.rbs_gallery_69ee1e7c8987eSpinner .rbs_gallery_69ee1e7c8987eRect2 {\r\n\t\t\t  -webkit-animation-delay: -1.1s;\r\n\t\t\t  animation-delay: -1.1s;\r\n\t\t\t}\r\n\t\t\t.rbs_gallery_69ee1e7c8987eSpinner .rbs_gallery_69ee1e7c8987eRect3 {\r\n\t\t\t  -webkit-animation-delay: -1.0s;\r\n\t\t\t  animation-delay: -1.0s;\r\n\t\t\t}\r\n\t\t\t.rbs_gallery_69ee1e7c8987eSpinner .rbs_gallery_69ee1e7c8987eRect4 {\r\n\t\t\t  -webkit-animation-delay: -0.9s;\r\n\t\t\t  animation-delay: -0.9s;\r\n\t\t\t}\r\n\t\t\t.rbs_gallery_69ee1e7c8987eSpinner .rbs_gallery_69ee1e7c8987eRect5 {\r\n\t\t\t  -webkit-animation-delay: -0.8s;\r\n\t\t\t  animation-delay: -0.8s;\r\n\t\t\t}\r\n\t\t\t@-webkit-keyframes rbs_gallery_69ee1e7c8987e-stretchdelay {\r\n\t\t\t  0%, 40%, 100% { -webkit-transform: scaleY(0.4) }  \r\n\t\t\t  20% { -webkit-transform: scaleY(1.0) }\r\n\t\t\t}\r\n\t\t\t@keyframes rbs_gallery_69ee1e7c8987e-stretchdelay {\r\n\t\t\t  0%, 40%, 100% { \r\n\t\t\t    transform: scaleY(0.4);\r\n\t\t\t    -webkit-transform: scaleY(0.4);\r\n\t\t\t  }  20% { \r\n\t\t\t    transform: scaleY(1.0);\r\n\t\t\t    -webkit-transform: scaleY(1.0);\r\n\t\t\t  }\r\n\t\t\t}\r\n\t\t<\/style><div class=\"robo-gallery-wrap robo-gallery-wrap-id322 robo-gallery-grid\" ><div id=\"rbs_gallery_69ee1e7c8987e-block-loader\" class=\"rbs_gallery_69ee1e7c8987eSpinner\"><div class=\"rbs_gallery_69ee1e7c8987eRect1\"><\/div> <div class=\"rbs_gallery_69ee1e7c8987eRect2\"><\/div> <div class=\"rbs_gallery_69ee1e7c8987eRect3\"><\/div> <div class=\"rbs_gallery_69ee1e7c8987eRect4\"><\/div> <div class=\"rbs_gallery_69ee1e7c8987eRect5\"><\/div><\/div><div id=\"robo_gallery_main_block_rbs_gallery_69ee1e7c8987e\" class=\"robogallery-gallery-322\" style=\"width:80%;margin:0 auto;  display: none;\"><div id=\"rbs_gallery_69ee1e7c8987e\" data-options=\"rbs_gallery_69ee1e7c8987e\" style=\"width:100%;\" class=\"robo_gallery  \"><div class=\"rbs-img  category322 \" ><div class=\"rbs-img-image   rbs-lightbox \" ><div class=\"rbs-img-thumbs\"  data-thumbnail=\"https:\/\/kidzatelje.se\/wp-content\/uploads\/2022\/11\/Skogsutflykt-scaled.jpeg\"  title=\"Skogsutflykt\"  data-width=\"1920\"  data-height=\"2560\" ><\/div><div class=\"rbs-img-data-popup\"  data-popup=\"https:\/\/kidzatelje.se\/wp-content\/uploads\/2022\/11\/Skogsutflykt-scaled.jpeg\"  title=\"Skogsutflykt\" ><\/div><div class=\"thumbnail-overlay\"><div class=\"rbsTitle \">Skogsutflykt<\/div><div class=\"rbsIcons\"><i class=\"fa fa-search-plus rbsZoomIcon \" ><\/i><\/div><\/div><\/div><\/div><div class=\"rbs-img  category322 \" ><div class=\"rbs-img-image   rbs-lightbox \" ><div class=\"rbs-img-thumbs\"  data-thumbnail=\"https:\/\/kidzatelje.se\/wp-content\/uploads\/2022\/11\/kreativa-spel-pa-golvet-scaled.jpeg\"  title=\"Kreativa spel tillsammans\"  data-width=\"1920\"  data-height=\"2560\" ><\/div><div class=\"rbs-img-data-popup\"  data-popup=\"https:\/\/kidzatelje.se\/wp-content\/uploads\/2022\/11\/kreativa-spel-pa-golvet-scaled.jpeg\"  title=\"Kreativa spel tillsammans\"  data-alt=\"tv\u00e5 barn sitter p\u00e5 golvet med ett bildspel\" ><\/div><div class=\"thumbnail-overlay\"><div class=\"rbsTitle \">Kreativa spel tillsammans<\/div><div class=\"rbsIcons\"><i class=\"fa fa-search-plus rbsZoomIcon \" ><\/i><\/div><\/div><\/div><\/div><div class=\"rbs-img  category322 \" ><div class=\"rbs-img-image   rbs-lightbox \" ><div class=\"rbs-img-thumbs\"  data-thumbnail=\"https:\/\/kidzatelje.se\/wp-content\/uploads\/2022\/11\/85D7B135-2ADD-405F-98EF-5E73DB28AD46-scaled.jpeg\"  title=\"Minst en g\u00e5ng om dagen \u00e4r vi ute\"  data-width=\"1920\"  data-height=\"2560\" ><\/div><div class=\"rbs-img-data-popup\"  data-popup=\"https:\/\/kidzatelje.se\/wp-content\/uploads\/2022\/11\/85D7B135-2ADD-405F-98EF-5E73DB28AD46-scaled.jpeg\"  title=\"Minst en g\u00e5ng om dagen \u00e4r vi ute\"  data-alt=\"Sn\u00f6lek\" ><\/div><div class=\"thumbnail-overlay\"><div class=\"rbsTitle \">Minst en g\u00e5ng om dagen \u00e4r vi ute<\/div><div class=\"rbsIcons\"><i class=\"fa fa-search-plus rbsZoomIcon \" ><\/i><\/div><\/div><\/div><\/div><\/div><\/div><\/div><script>var rbs_gallery_69ee1e7c8987e = {\"version\":\"5.1.2\",\"id\":322,\"class\":\"id322\",\"roboGalleryDelay\":1000,\"mainContainer\":\"#robo_gallery_main_block_rbs_gallery_69ee1e7c8987e\",\"loadingContainer\":\"#rbs_gallery_69ee1e7c8987e-block-loader\",\"loadingContainerObj\":\"rbs_gallery_69ee1e7c8987e-block-loader\",\"columnWidth\":\"auto\",\"columns\":3,\"resolutions\":[{\"columnWidth\":\"auto\",\"columns\":3,\"maxWidth\":960},{\"columnWidth\":\"auto\",\"columns\":2,\"maxWidth\":650},{\"columnWidth\":\"auto\",\"columns\":1,\"maxWidth\":450}],\"lightboxOptions\":{\"gallery\":{\"enabled\":true,\"tCounter\":\"%curr% of %total%\"}},\"overlayEffect\":\"direction-aware-fade\",\"boxesToLoadStart\":12,\"boxesToLoad\":8,\"waitUntilThumbLoads\":1,\"LoadingWord\":\"Loading...\",\"loadMoreWord\":\"Load More\",\"noMoreEntriesWord\":\"No More Entries\",\"horizontalSpaceBetweenBoxes\":15,\"verticalSpaceBetweenBoxes\":15,\"lazyLoad\":1,\"wrapContainer\":\"#robo-gallery-wrap-rbs_gallery_69ee1e7c8987e\"};<\/script>\n\n\n<div class=\"wp-block-media-text is-stacked-on-mobile is-vertically-aligned-center\" style=\"grid-template-columns:15% auto\"><figure class=\"wp-block-media-text__media\"><img decoding=\"async\" src=\"https:\/\/kidzatelje.se\/wp-content\/uploads\/2022\/12\/Kanin-ritad.png\" alt=\"\" class=\"wp-image-359 size-full\"\/><\/figure><div class=\"wp-block-media-text__content\">\n<h3 class=\"wp-block-heading\">N\u00e5gra av v\u00e5ra regelbundna aktiviteter:<\/h3>\n\n\n\n<ul class=\"wp-block-list\">\n<li>Utflykt varje vecka<\/li>\n\n\n\n<li>Dans, yoga, gymnastik eller vattenlek en g\u00e5ng per vecka<\/li>\n\n\n\n<li>Utomhus lek och vistelse minst en g\u00e5ng om dagen<\/li>\n\n\n\n<li>R\u00f6relseramsor och s\u00e5nger under samling<\/li>\n\n\n\n<li>Vi skapar och tar fram nya utmaningar i v\u00e5r utemilj\u00f6 kontinuerligt<\/li>\n<\/ul>\n<\/div><\/div>\n\n\n\n<div style=\"height:40px\" aria-hidden=\"true\" class=\"wp-block-spacer\"><\/div>\n\n\n\n<h1 class=\"wp-block-heading\" id=\"development-and-learning\">Development and learning<\/h1>\n\n\n\n<p>Studies show that both structured and unstructured play has a significant role in early childhood and in shaping our personalities. Teamwork and social interactions encourage children to grasp compassion. By taking responsibility in daily routines, children learn and experience the fine art of coexistence, develop social, linguistic and motor skills. Therefore, Kidzatelj\u00e9 promotes and support the children\u2019s curiosity, imagination and creativity through various playful activities by creating opportunities and time to play.<\/p>\n\n\n\n<div class=\"wp-block-media-text is-stacked-on-mobile\" style=\"grid-template-columns:15% auto\"><figure class=\"wp-block-media-text__media\"><img loading=\"lazy\" decoding=\"async\" width=\"250\" height=\"413\" src=\"https:\/\/kidzatelje.se\/wp-content\/uploads\/2022\/12\/Flicka-ritad.png\" alt=\"\" class=\"wp-image-360 size-full\" srcset=\"https:\/\/kidzatelje.se\/wp-content\/uploads\/2022\/12\/Flicka-ritad.png 250w, https:\/\/kidzatelje.se\/wp-content\/uploads\/2022\/12\/Flicka-ritad-182x300.png 182w\" sizes=\"(max-width: 250px) 100vw, 250px\" \/><\/figure><div class=\"wp-block-media-text__content\">\n<h3 class=\"wp-block-heading\">Few of the regularly planned activities&nbsp; are:<\/h3>\n\n\n\n<ul class=\"wp-block-list\">\n<li>go on excursions every week<\/li>\n\n\n\n<li>dance, yoga, gymnastics or water play once a week<\/li>\n\n\n\n<li>outdoors at least once a day<\/li>\n\n\n\n<li>songs and rhymes collection<\/li>\n\n\n\n<li>create and develop new challenges in our outdoor environment continuously<\/li>\n<\/ul>\n<\/div><\/div>\n","protected":false},"excerpt":{"rendered":"<p>Studier visar att b\u00e5de strukturerad och ostrukturerad lek har en betydande roll f\u00f6r barnets utveckling tidigt i barndomen f\u00f6r att &hellip; <a href=\"https:\/\/kidzatelje.se\/index.php\/barns-utveckling-och-larande\/\" class=\"more-link\"><span class=\"more-button\">L\u00e4s mer<span class=\"screen-reader-text\">Barns utveckling och l\u00e4rande<\/span><\/span><\/a><\/p>\n","protected":false},"author":1,"featured_media":0,"parent":0,"menu_order":0,"comment_status":"closed","ping_status":"closed","template":"templates\/full-width-page.php","meta":{"footnotes":""},"class_list":["post-12","page","type-page","status-publish","hentry"],"_links":{"self":[{"href":"https:\/\/kidzatelje.se\/index.php\/wp-json\/wp\/v2\/pages\/12"}],"collection":[{"href":"https:\/\/kidzatelje.se\/index.php\/wp-json\/wp\/v2\/pages"}],"about":[{"href":"https:\/\/kidzatelje.se\/index.php\/wp-json\/wp\/v2\/types\/page"}],"author":[{"embeddable":true,"href":"https:\/\/kidzatelje.se\/index.php\/wp-json\/wp\/v2\/users\/1"}],"replies":[{"embeddable":true,"href":"https:\/\/kidzatelje.se\/index.php\/wp-json\/wp\/v2\/comments?post=12"}],"version-history":[{"count":22,"href":"https:\/\/kidzatelje.se\/index.php\/wp-json\/wp\/v2\/pages\/12\/revisions"}],"predecessor-version":[{"id":364,"href":"https:\/\/kidzatelje.se\/index.php\/wp-json\/wp\/v2\/pages\/12\/revisions\/364"}],"wp:attachment":[{"href":"https:\/\/kidzatelje.se\/index.php\/wp-json\/wp\/v2\/media?parent=12"}],"curies":[{"name":"wp","href":"https:\/\/api.w.org\/{rel}","templated":true}]}}