{"id":10,"date":"2022-10-24T14:03:48","date_gmt":"2022-10-24T14:03:48","guid":{"rendered":"https:\/\/kidzatelje.se\/?page_id=10"},"modified":"2026-02-24T11:16:02","modified_gmt":"2026-02-24T11:16:02","slug":"oppet-open","status":"publish","type":"page","link":"https:\/\/kidzatelje.se\/index.php\/oppet-open\/","title":{"rendered":"\u00d6ppet"},"content":{"rendered":"<div class=\"wp-block-image\">\n<figure class=\"alignright size-full\"><a href=\"#Opening-hours\/-visiting-hours\"><img loading=\"lazy\" decoding=\"async\" width=\"100\" height=\"50\" src=\"https:\/\/kidzatelje.se\/wp-content\/uploads\/2022\/11\/english-flag-e1668689508198.png\" alt=\"\" class=\"wp-image-186\"\/><\/a><figcaption class=\"wp-element-caption\">English<\/figcaption><\/figure><\/div>\n\n\n<h3 class=\"wp-block-heading\">\u00f6ppettider\/Vistelsetider<\/h3>\n\n\n<div class=\"wp-block-image\">\n<figure class=\"alignright size-full is-resized\"><img loading=\"lazy\" decoding=\"async\" width=\"330\" height=\"257\" src=\"https:\/\/kidzatelje.se\/wp-content\/uploads\/2022\/12\/Kidz-atelje-start.png\" alt=\"\" class=\"wp-image-372\" style=\"width:228px;height:178px\" srcset=\"https:\/\/kidzatelje.se\/wp-content\/uploads\/2022\/12\/Kidz-atelje-start.png 330w, https:\/\/kidzatelje.se\/wp-content\/uploads\/2022\/12\/Kidz-atelje-start-300x234.png 300w\" sizes=\"(max-width: 330px) 100vw, 330px\" \/><\/figure><\/div>\n\n\n<p>F\u00f6r n\u00e4rvarande har Kidzatelj\u00e9 \u00f6ppet mellan kl. 07:00-17:00 m\u00e5ndag till fredag.  <\/p>\n\n\n\n<p>\u00d6ppettiderna kan variera beroende p\u00e5 beg\u00e4rda tider fr\u00e5n v\u00e5ra aktuella f\u00f6r\u00e4ldrar\/v\u00e5rdnadshavare. Eftersom vi f\u00f6ljer G\u00e4vle Kommuns ramverk ang\u00e5ende \u00f6ppettider s\u00e5 kan vi ut\u00f6ka tiderna till 06:30 och 18:00 m\u00e5ndag-fredag om behov finns. Barnomsorgen beror p\u00e5 de aktuella arbets-\/studietiderna samt restid till och fr\u00e5n Kidzatelj\u00e9.<\/p>\n\n\n\n<h3 class=\"wp-block-heading\">F\u00f6r arbetss\u00f6kande<\/h3>\n\n\n\n<p>Arbetss\u00f6kande har r\u00e4tt till 25 timmar i veckan mellan 09:00-14:00 eller enligt \u00f6verenskommelse.<\/p>\n\n\n\n<h3 class=\"wp-block-heading\">Syskonf\u00f6dsel<\/h3>\n\n\n\n<p>Att f\u00e5 ett syskon \u00e4r alltid sp\u00e4nnande och utmanande. Vi p\u00e5 Kidzatelje uppmuntrar v\u00e5ra f\u00f6r\u00e4ldrar att under de f\u00f6rsta tio dagarna l\u00e5ta barnet g\u00e5 normal arbetstid. D\u00e4refter har det \u00e4ldre syskonet r\u00e4tt att n\u00e4rvara 20 timmar i veckan mellan kl.09:00 &#8211; 15:00 och i \u00f6verenskommelse mellan Kidzatelj\u00e9 och v\u00e5rdnadshavare.<\/p>\n\n\n\n<h3 class=\"wp-block-heading\">St\u00e4ngt f\u00f6r semester, helg och planering<\/h3>\n\n\n\n<p>Kidzatelj\u00e9 h\u00e5ller st\u00e4ngt under juli m\u00e5nad och 4 dagar f\u00f6r planering under \u00e5ret. Med det sagt \u00e4r reglerna att Kidzatelj\u00e9 vid behov ska ordna med annan omsorg. V\u00e4nligen meddela oss innan sista veckan i mars, s\u00e5 att vi kan vidta l\u00e4mpliga \u00e5tg\u00e4rder.<\/p>\n\n\n\n<p>F\u00f6rutom Juli m\u00e5nad och 4 planeringsdagar \u00e4r Kidzatelj\u00e9 st\u00e4ngt alla helgdagar\/r\u00f6da dagar.<\/p>\n\n\n\n<h3 class=\"wp-block-heading\">Alternativ barnomsorg<\/h3>\n\n\n\n<p><\/p>\n\n\n\n<p>N\u00e4r grundskolan h\u00e5ller st\u00e4ngt f\u00f6r sommarledighet g\u00e4ller tiderna kl. 08:00-11:00, 5 dagar i veckan f\u00f6r f\u00f6r\u00e4ldralediga.<\/p>\n\n\n\n<h2 class=\"wp-block-heading\">Avgift\/Taxa<\/h2>\n\n\n\n<p>Kidzatelj\u00e9 f\u00f6ljer kommunens maxtaxa.<\/p>\n\n\n\n<p>Avgiften g\u00e4ller innehavande m\u00e5nad och skall vara Kidzatelj\u00e9 tillhanda senast sista vardagen i m\u00e5naden.<\/p>\n\n\n\n<p>Den som f\u00f6rsummar att betala avgiften riskerar att f\u00f6rlora platsen. Avgift tas \u00e4ven ut f\u00f6r inskolningsperioden och under sommar st\u00e4ngning.<\/p>\n\n\n\n<h3 class=\"wp-block-heading\">Inkomstuppgift ska l\u00e4mnas<\/h3>\n\n\n\n<p>T\u00e4nk p\u00e5 att inkomstuppgift ska l\u00e4mnas till oss <em>innan<\/em> barnet p\u00e5b\u00f6rjar sin daghemsplats hos oss. L\u00e4mnas ingen inkomstuppgift tas automatiskt maxtaxa ut.<\/p>\n\n\n\n<h2 class=\"wp-block-heading\">Sjukdom<\/h2>\n\n\n\n<p>Vid sjukdom ska barnet stanna hemma, barnets allm\u00e4ntillst\u00e5nd styr alltid sjukdomsbilden av barnet. <\/p>\n\n\n\n<p>T\u00e4nk p\u00e5 att det \u00e4r ett h\u00f6gt tempo p\u00e5 dagarna och g\u00e5r inte att j\u00e4mf\u00f6ra med hur ni har det hemma d\u00e4r barnet kan f\u00e5 lugn och ro. Om barnets allm\u00e4ntillst\u00e5nd f\u00f6rs\u00e4mras under dagen, och vi m\u00e4rker att barnet inte m\u00e5r bra, kontaktar vi er. D\u00e5 ska det alltid finnas m\u00f6jlighet att h\u00e4mta barnet. D\u00e4rf\u00f6r \u00e4r det viktigt att vi har aktuella nummer till er f\u00f6r\u00e4ldrar.<\/p>\n\n\n\n<h4 class=\"wp-block-heading\">Magsjuka<\/h4>\n\n\n\n<p>Efter magsjuka ska barnet ha varit kr\u00e4k- och diarr\u00e9fri i minst 48 timmar (OBS! g\u00e4ller alla i familjen).<\/p>\n\n\n\n<h4 class=\"wp-block-heading\">Feber<\/h4>\n\n\n\n<p>Har barnet feber ska det stanna hemma minst 1 feberfri dag.<\/p>\n\n\n\n<h4 class=\"wp-block-heading\">Penicillin<\/h4>\n\n\n\n<p>Vid intag av penicillin ska barnet stanna hemma 2 dagar. Den tredje dagen \u00e4r barnet v\u00e4lkommen till verksamheten, f\u00f6rutsatt att barnet \u00e4r friskt och orkar delta i aktiviteterna.<\/p>\n\n\n\n<p>Ska penicillin eller annan utskriven medicin ges av personal ska ett avtal undertecknas.<\/p>\n\n\n\n<div style=\"height:50px\" aria-hidden=\"true\" class=\"wp-block-spacer\"><\/div>\n\n\n\n<h2 class=\"wp-block-heading\" id=\"Opening-hours\/-visiting-hours\">Opening hours\/ visiting hours<\/h2>\n\n\n\n<p>Currently Kidzatelj\u00e9 is open between 07.00-17.00 Monday to Friday. These opening hours varies depending on the requested hours by our current parents\/guardians.<\/p>\n\n\n\n<p>However we comply with G\u00e4vle municipal rules on opening hours between 06:30-18:30 Monday-Friday if need be. Childcare services depends on the actual working\/studying hours plus commuting time to and from Kidzatelj\u00e9.<\/p>\n\n\n\n<h3 class=\"wp-block-heading\">In between jobs\/ unemployed<\/h3>\n\n\n\n<p>Job seekers are entitled to 25 hours a week between 09:00-14:00.<\/p>\n\n\n\n<h3 class=\"wp-block-heading\">Birth of a sibling and during your parental leave<\/h3>\n\n\n\n<p>Sibling\u2019s birth is both exiting and challenging, keeping in mind children\u2019s rights we at Kidzatelj\u00e9 encourage our parents to leave their toddlers normal working hours for the first 10 working days. After that the older sibling has the right to attend 20 hours a week between 9:00-15:00 based on a mutual agreement between Kidzatelj\u00e9 and parent\/guardian.<\/p>\n\n\n\n<h3 class=\"wp-block-heading\">Closed for vacation, weekend and planning<\/h3>\n\n\n\n<p>We close during the month of July and 4 days for planning during the year. That being said the rules are that Kidzatelj\u00e9 should make arrangements if needed with other childcare centre. Please let us know before the last week of march advance, so that we can take appropriate measures. <\/p>\n\n\n\n<p>Apart from The month of July and 4 planning days Kidzatelj\u00e9 is closed for public holidays\/ red days.<\/p>\n\n\n\n<h2 class=\"wp-block-heading\">Charges<\/h2>\n\n\n\n<p>Kidzatelje follows municipal maximum charges based on your annual household incomes.<\/p>\n\n\n\n<h3 class=\"wp-block-heading\">Income details must be provided<\/h3>\n\n\n\n<p>Income details must be provided to us within the first week of admission. Failing to do so, Kidzatelj\u00e9 withhold the right to charge automatically maximum fee.<\/p>\n\n\n\n<h3 class=\"wp-block-heading\">Continued absence<\/h3>\n\n\n<div class=\"wp-block-image\">\n<figure class=\"alignleft size-full is-resized\"><img loading=\"lazy\" decoding=\"async\" width=\"250\" height=\"314\" src=\"https:\/\/kidzatelje.se\/wp-content\/uploads\/2022\/12\/Solros-i-kruka-ritad.png\" alt=\"\" class=\"wp-image-356\" style=\"width:121px;height:152px\" srcset=\"https:\/\/kidzatelje.se\/wp-content\/uploads\/2022\/12\/Solros-i-kruka-ritad.png 250w, https:\/\/kidzatelje.se\/wp-content\/uploads\/2022\/12\/Solros-i-kruka-ritad-239x300.png 239w\" sizes=\"(max-width: 250px) 100vw, 250px\" \/><\/figure><\/div>\n\n\n<p>Continued absence from the daycare for than 30 days without prior notification is considered as cancellation. You shall be charged for the month even during absence and until the termination date. The fee applies to occupancy month and shall be paid to Kidzatelj\u00e9 no later than the last working day of the month. In such cases failing to pay the fee risk losing the place. We charge even during the introductory period.<\/p>\n\n\n\n<h2 class=\"wp-block-heading\">General rules during illness<\/h2>\n\n\n\n<h4 class=\"wp-block-heading\">Illness\/disease<\/h4>\n\n\n\n<p>If your child is ill they should stay at home and rest. Your child is welcome once they regain a normal health. Do keep in mind that it would be hard to keep up with the fast paced activities at daycare if your child is tired and still recovering from illness. Unlike a peaceful home environment. <\/p>\n\n\n\n<p>If a child becomes ill during their visitinging hours we should be able to reach you in order for you to come and retrieve them. Therefore it\u2019s of at most importance that you provide alternative contact person in case we fail to establish contact with you.<\/p>\n\n\n\n<h4 class=\"wp-block-heading\">Stomach flue\/Bug<\/h4>\n\n\n<div class=\"wp-block-image\">\n<figure class=\"alignright size-full is-resized\"><img loading=\"lazy\" decoding=\"async\" width=\"200\" height=\"324\" src=\"https:\/\/kidzatelje.se\/wp-content\/uploads\/2022\/12\/Kanin-ritad-e1670679689634.png\" alt=\"\" class=\"wp-image-359\" style=\"width:122px;height:198px\" srcset=\"https:\/\/kidzatelje.se\/wp-content\/uploads\/2022\/12\/Kanin-ritad-e1670679689634.png 200w, https:\/\/kidzatelje.se\/wp-content\/uploads\/2022\/12\/Kanin-ritad-e1670679689634-185x300.png 185w\" sizes=\"(max-width: 200px) 100vw, 200px\" \/><\/figure><\/div>\n\n\n<p>After a stomach flue\/bug in the family, and even if the child is symptoms free, it\u2019s of importance that you keep the child at home for 48 hours. And normal healthy conditions are recovered.<\/p>\n\n\n\n<p>During fever, the child must stay at home and rest and have to be free of symptoms at least for 24hours.<\/p>\n\n\n\n<h4 class=\"wp-block-heading\">Prescribed medication to be administered<\/h4>\n\n\n\n<p>In such cases where a prescribed medication is to be administered we prefer that you see to administer it at home or contact the head of establishment.<\/p>\n\n\n\n<p>In such a situation we withhold the right to ask for a written contract from parents\/guardians.<\/p>\n","protected":false},"excerpt":{"rendered":"<p>\u00f6ppettider\/Vistelsetider F\u00f6r n\u00e4rvarande har Kidzatelj\u00e9 \u00f6ppet mellan kl. 07:00-17:00 m\u00e5ndag till fredag. \u00d6ppettiderna kan variera beroende p\u00e5 beg\u00e4rda tider fr\u00e5n &hellip; <a href=\"https:\/\/kidzatelje.se\/index.php\/oppet-open\/\" class=\"more-link\"><span class=\"more-button\">L\u00e4s mer<span class=\"screen-reader-text\">\u00d6ppet<\/span><\/span><\/a><\/p>\n","protected":false},"author":1,"featured_media":0,"parent":0,"menu_order":0,"comment_status":"closed","ping_status":"closed","template":"templates\/full-width-page.php","meta":{"footnotes":""},"class_list":["post-10","page","type-page","status-publish","hentry"],"_links":{"self":[{"href":"https:\/\/kidzatelje.se\/index.php\/wp-json\/wp\/v2\/pages\/10"}],"collection":[{"href":"https:\/\/kidzatelje.se\/index.php\/wp-json\/wp\/v2\/pages"}],"about":[{"href":"https:\/\/kidzatelje.se\/index.php\/wp-json\/wp\/v2\/types\/page"}],"author":[{"embeddable":true,"href":"https:\/\/kidzatelje.se\/index.php\/wp-json\/wp\/v2\/users\/1"}],"replies":[{"embeddable":true,"href":"https:\/\/kidzatelje.se\/index.php\/wp-json\/wp\/v2\/comments?post=10"}],"version-history":[{"count":23,"href":"https:\/\/kidzatelje.se\/index.php\/wp-json\/wp\/v2\/pages\/10\/revisions"}],"predecessor-version":[{"id":418,"href":"https:\/\/kidzatelje.se\/index.php\/wp-json\/wp\/v2\/pages\/10\/revisions\/418"}],"wp:attachment":[{"href":"https:\/\/kidzatelje.se\/index.php\/wp-json\/wp\/v2\/media?parent=10"}],"curies":[{"name":"wp","href":"https:\/\/api.w.org\/{rel}","templated":true}]}}